{"id":907,"date":"2024-07-09T09:27:59","date_gmt":"2024-07-09T07:27:59","guid":{"rendered":"https:\/\/eljardinalcocebre.novologic.eu\/accueil\/"},"modified":"2026-04-08T13:25:11","modified_gmt":"2026-04-08T11:25:11","slug":"accueil","status":"publish","type":"page","link":"https:\/\/eljardinrestaurante.com\/fr\/","title":{"rendered":"Accueil"},"content":{"rendered":"\t\t<div data-elementor-type=\"wp-page\" data-elementor-id=\"907\" class=\"elementor elementor-907 elementor-9\" data-elementor-post-type=\"page\">\n\t\t\t\t<div class=\"elementor-element elementor-element-62943fc e-con-full e-flex e-con e-parent\" data-id=\"62943fc\" data-element_type=\"container\">\n\t\t<div class=\"elementor-element elementor-element-925e36b e-con-full e-flex e-con e-child\" data-id=\"925e36b\" data-element_type=\"container\" data-settings=\"{&quot;background_background&quot;:&quot;classic&quot;}\">\n\t\t\t\t<div class=\"elementor-element elementor-element-c49f63f elementor-widget elementor-widget-spacer\" data-id=\"c49f63f\" data-element_type=\"widget\" data-widget_type=\"spacer.default\">\n\t\t\t\t<div class=\"elementor-widget-container\">\n\t\t\t<style>\/*! elementor - v3.22.0 - 26-06-2024 *\/\n.elementor-column .elementor-spacer-inner{height:var(--spacer-size)}.e-con{--container-widget-width:100%}.e-con-inner>.elementor-widget-spacer,.e-con>.elementor-widget-spacer{width:var(--container-widget-width,var(--spacer-size));--align-self:var(--container-widget-align-self,initial);--flex-shrink:0}.e-con-inner>.elementor-widget-spacer>.elementor-widget-container,.e-con>.elementor-widget-spacer>.elementor-widget-container{height:100%;width:100%}.e-con-inner>.elementor-widget-spacer>.elementor-widget-container>.elementor-spacer,.e-con>.elementor-widget-spacer>.elementor-widget-container>.elementor-spacer{height:100%}.e-con-inner>.elementor-widget-spacer>.elementor-widget-container>.elementor-spacer>.elementor-spacer-inner,.e-con>.elementor-widget-spacer>.elementor-widget-container>.elementor-spacer>.elementor-spacer-inner{height:var(--container-widget-height,var(--spacer-size))}.e-con-inner>.elementor-widget-spacer.elementor-widget-empty,.e-con>.elementor-widget-spacer.elementor-widget-empty{position:relative;min-height:22px;min-width:22px}.e-con-inner>.elementor-widget-spacer.elementor-widget-empty .elementor-widget-empty-icon,.e-con>.elementor-widget-spacer.elementor-widget-empty .elementor-widget-empty-icon{position:absolute;top:0;bottom:0;left:0;right:0;margin:auto;padding:0;width:22px;height:22px}<\/style>\t\t<div class=\"elementor-spacer\">\n\t\t\t<div class=\"elementor-spacer-inner\"><\/div>\n\t\t<\/div>\n\t\t\t\t<\/div>\n\t\t\t\t<\/div>\n\t\t\t\t<\/div>\n\t\t\t\t<\/div>\n\t\t<div class=\"elementor-element elementor-element-70099c3 e-con-full e-flex e-con e-parent\" data-id=\"70099c3\" data-element_type=\"container\">\n\t\t<div class=\"elementor-element elementor-element-bb7a475 e-con-full e-flex e-con e-child\" data-id=\"bb7a475\" data-element_type=\"container\" data-settings=\"{&quot;background_background&quot;:&quot;classic&quot;}\">\n\t\t\t\t<div class=\"elementor-element elementor-element-e75d505 elementor-widget elementor-widget-spacer\" data-id=\"e75d505\" data-element_type=\"widget\" data-widget_type=\"spacer.default\">\n\t\t\t\t<div class=\"elementor-widget-container\">\n\t\t\t\t\t<div class=\"elementor-spacer\">\n\t\t\t<div class=\"elementor-spacer-inner\"><\/div>\n\t\t<\/div>\n\t\t\t\t<\/div>\n\t\t\t\t<\/div>\n\t\t\t\t<\/div>\n\t\t<div class=\"elementor-element elementor-element-1e14188 e-con-full e-flex e-con e-child\" data-id=\"1e14188\" data-element_type=\"container\" data-settings=\"{&quot;background_background&quot;:&quot;classic&quot;}\">\n\t\t\t\t<div class=\"elementor-element elementor-element-2a7ae7a elementor-widget elementor-widget-heading\" data-id=\"2a7ae7a\" data-element_type=\"widget\" data-widget_type=\"heading.default\">\n\t\t\t\t<div class=\"elementor-widget-container\">\n\t\t\t<style>\/*! elementor - v3.22.0 - 26-06-2024 *\/\n.elementor-heading-title{padding:0;margin:0;line-height:1}.elementor-widget-heading .elementor-heading-title[class*=elementor-size-]>a{color:inherit;font-size:inherit;line-height:inherit}.elementor-widget-heading .elementor-heading-title.elementor-size-small{font-size:15px}.elementor-widget-heading .elementor-heading-title.elementor-size-medium{font-size:19px}.elementor-widget-heading .elementor-heading-title.elementor-size-large{font-size:29px}.elementor-widget-heading .elementor-heading-title.elementor-size-xl{font-size:39px}.elementor-widget-heading .elementor-heading-title.elementor-size-xxl{font-size:59px}<\/style><h2 class=\"elementor-heading-title elementor-size-default\">EL JARD\u00cdN<\/h2>\t\t<\/div>\n\t\t\t\t<\/div>\n\t\t\t\t<div class=\"elementor-element elementor-element-6561f6e elementor-widget elementor-widget-heading\" data-id=\"6561f6e\" data-element_type=\"widget\" data-widget_type=\"heading.default\">\n\t\t\t\t<div class=\"elementor-widget-container\">\n\t\t\t<h1 class=\"elementor-heading-title elementor-size-default\">Le 1er, 2 et 3 mai, ouvert \u00e0 midi  (\u00e0 partir 13h)et le soir (\u00e0 partir 18:30h). <br> <br>Cette semaine nous sommes ferm\u00e9s le mercredi 8 et le dimanche 12 abril.<\/h1>\t\t<\/div>\n\t\t\t\t<\/div>\n\t\t\t\t<div class=\"elementor-element elementor-element-f6408ce elementor-widget__width-initial elementor-widget elementor-widget-text-editor\" data-id=\"f6408ce\" data-element_type=\"widget\" data-widget_type=\"text-editor.default\">\n\t\t\t\t<div class=\"elementor-widget-container\">\n\t\t\t<style>\/*! elementor - v3.22.0 - 26-06-2024 *\/\n.elementor-widget-text-editor.elementor-drop-cap-view-stacked .elementor-drop-cap{background-color:#69727d;color:#fff}.elementor-widget-text-editor.elementor-drop-cap-view-framed .elementor-drop-cap{color:#69727d;border:3px solid;background-color:transparent}.elementor-widget-text-editor:not(.elementor-drop-cap-view-default) .elementor-drop-cap{margin-top:8px}.elementor-widget-text-editor:not(.elementor-drop-cap-view-default) .elementor-drop-cap-letter{width:1em;height:1em}.elementor-widget-text-editor .elementor-drop-cap{float:left;text-align:center;line-height:1;font-size:50px}.elementor-widget-text-editor .elementor-drop-cap-letter{display:inline-block}<\/style>\t\t\t\t<p>Pizza Tartufo, NOUVEAU: Mozarella, champignons, guanciale et truffe (sans tomate)&#8230;&#8230;17.00\u20ac<\/p>\t\t\t\t\t\t<\/div>\n\t\t\t\t<\/div>\n\t\t\t\t<div class=\"elementor-element elementor-element-06c6cc6 elementor-widget elementor-widget-heading\" data-id=\"06c6cc6\" data-element_type=\"widget\" data-widget_type=\"heading.default\">\n\t\t\t\t<div class=\"elementor-widget-container\">\n\t\t\t<h2 class=\"elementor-heading-title elementor-size-default\">Restaurant-Pizzeria avec des touches de signature au coeur d'Alcossebre (Castell\u00f3n)<br>Avec s\u00e9jour et jardin et terrasse couverte climatis\u00e9s et r\u00e9nov\u00e9s <\/h2>\t\t<\/div>\n\t\t\t\t<\/div>\n\t\t\t\t<div class=\"elementor-element elementor-element-044219c elementor-widget elementor-widget-heading\" data-id=\"044219c\" data-element_type=\"widget\" data-widget_type=\"heading.default\">\n\t\t\t\t<div class=\"elementor-widget-container\">\n\t\t\t<h2 class=\"elementor-heading-title elementor-size-default\"><a href=\"https:\/\/eljardinrestaurante.com\/fr\/contact\/\">R\u00c9SERVATIONS<\/a><\/h2>\t\t<\/div>\n\t\t\t\t<\/div>\n\t\t\t\t<div class=\"elementor-element elementor-element-e64b399 elementor-widget elementor-widget-spacer\" data-id=\"e64b399\" data-element_type=\"widget\" data-widget_type=\"spacer.default\">\n\t\t\t\t<div class=\"elementor-widget-container\">\n\t\t\t\t\t<div class=\"elementor-spacer\">\n\t\t\t<div class=\"elementor-spacer-inner\"><\/div>\n\t\t<\/div>\n\t\t\t\t<\/div>\n\t\t\t\t<\/div>\n\t\t\t\t<\/div>\n\t\t\t\t<\/div>\n\t\t\t\t<\/div>\n\t\t","protected":false},"excerpt":{"rendered":"<p>EL JARD\u00cdN Le 1er, 2 et 3 mai, ouvert \u00e0 midi (\u00e0 partir 13h)et le soir (\u00e0 partir 18:30h). Cette [&hellip;]<\/p>\n","protected":false},"author":1,"featured_media":0,"parent":0,"menu_order":0,"comment_status":"closed","ping_status":"closed","template":"","meta":{"site-sidebar-layout":"no-sidebar","site-content-layout":"","ast-site-content-layout":"full-width-container","site-content-style":"default","site-sidebar-style":"default","ast-global-header-display":"","ast-banner-title-visibility":"","ast-main-header-display":"","ast-hfb-above-header-display":"","ast-hfb-below-header-display":"","ast-hfb-mobile-header-display":"","site-post-title":"disabled","ast-breadcrumbs-content":"","ast-featured-img":"disabled","footer-sml-layout":"","theme-transparent-header-meta":"default","adv-header-id-meta":"","stick-header-meta":"","header-above-stick-meta":"","header-main-stick-meta":"","header-below-stick-meta":"","astra-migrate-meta-layouts":"default","ast-page-background-enabled":"default","ast-page-background-meta":{"desktop":{"background-color":"var(--ast-global-color-4)","background-image":"","background-repeat":"repeat","background-position":"center center","background-size":"auto","background-attachment":"scroll","background-type":"","background-media":"","overlay-type":"","overlay-color":"","overlay-opacity":"","overlay-gradient":""},"tablet":{"background-color":"","background-image":"","background-repeat":"repeat","background-position":"center center","background-size":"auto","background-attachment":"scroll","background-type":"","background-media":"","overlay-type":"","overlay-color":"","overlay-opacity":"","overlay-gradient":""},"mobile":{"background-color":"","background-image":"","background-repeat":"repeat","background-position":"center center","background-size":"auto","background-attachment":"scroll","background-type":"","background-media":"","overlay-type":"","overlay-color":"","overlay-opacity":"","overlay-gradient":""}},"ast-content-background-meta":{"desktop":{"background-color":"var(--ast-global-color-5)","background-image":"","background-repeat":"repeat","background-position":"center center","background-size":"auto","background-attachment":"scroll","background-type":"","background-media":"","overlay-type":"","overlay-color":"","overlay-opacity":"","overlay-gradient":""},"tablet":{"background-color":"var(--ast-global-color-5)","background-image":"","background-repeat":"repeat","background-position":"center center","background-size":"auto","background-attachment":"scroll","background-type":"","background-media":"","overlay-type":"","overlay-color":"","overlay-opacity":"","overlay-gradient":""},"mobile":{"background-color":"var(--ast-global-color-5)","background-image":"","background-repeat":"repeat","background-position":"center center","background-size":"auto","background-attachment":"scroll","background-type":"","background-media":"","overlay-type":"","overlay-color":"","overlay-opacity":"","overlay-gradient":""}},"footnotes":""},"yoast_head":"<!-- This site is optimized with the Yoast SEO plugin v23.0 - https:\/\/yoast.com\/wordpress\/plugins\/seo\/ -->\n<title>Accueil | Cuisine italienne authentique \u00e0 Alcocebre<\/title>\n<meta name=\"description\" content=\"Votre pizzeria de cuisine m\u00e9diterran\u00e9enne \u00e0 Alcocebre, Castell\u00f3n. Savourez nos d\u00e9licieuses pizzas, p\u00e2tes et plats.\" \/>\n<meta name=\"robots\" content=\"index, follow, max-snippet:-1, max-image-preview:large, max-video-preview:-1\" \/>\n<link rel=\"canonical\" href=\"https:\/\/eljardinrestaurante.com\/\" \/>\n<meta property=\"og:locale\" content=\"fr_FR\" \/>\n<meta property=\"og:type\" content=\"article\" \/>\n<meta property=\"og:title\" content=\"Accueil | Cuisine italienne authentique \u00e0 Alcocebre\" \/>\n<meta property=\"og:description\" content=\"Votre pizzeria de cuisine m\u00e9diterran\u00e9enne \u00e0 Alcocebre, Castell\u00f3n. Savourez nos d\u00e9licieuses pizzas, p\u00e2tes et plats.\" \/>\n<meta property=\"og:url\" content=\"https:\/\/eljardinrestaurante.com\/\" \/>\n<meta property=\"og:site_name\" content=\"Restaurante el Jard\u00edn Alcocebre\" \/>\n<meta property=\"article:modified_time\" content=\"2026-04-08T11:25:11+00:00\" \/>\n<meta name=\"twitter:card\" content=\"summary_large_image\" \/>\n<meta name=\"twitter:label1\" content=\"Dur\u00e9e de lecture estim\u00e9e\" \/>\n\t<meta name=\"twitter:data1\" content=\"1 minute\" \/>\n<script type=\"application\/ld+json\" class=\"yoast-schema-graph\">{\"@context\":\"https:\/\/schema.org\",\"@graph\":[{\"@type\":\"WebPage\",\"@id\":\"https:\/\/eljardinrestaurante.com\/\",\"url\":\"https:\/\/eljardinrestaurante.com\/\",\"name\":\"Accueil | Cuisine italienne authentique \u00e0 Alcocebre\",\"isPartOf\":{\"@id\":\"https:\/\/eljardinrestaurante.com\/#website\"},\"datePublished\":\"2024-07-09T07:27:59+00:00\",\"dateModified\":\"2026-04-08T11:25:11+00:00\",\"description\":\"Votre pizzeria de cuisine m\u00e9diterran\u00e9enne \u00e0 Alcocebre, Castell\u00f3n. Savourez nos d\u00e9licieuses pizzas, p\u00e2tes et plats.\",\"breadcrumb\":{\"@id\":\"https:\/\/eljardinrestaurante.com\/#breadcrumb\"},\"inLanguage\":\"fr-FR\",\"potentialAction\":[{\"@type\":\"ReadAction\",\"target\":[\"https:\/\/eljardinrestaurante.com\/\"]}]},{\"@type\":\"BreadcrumbList\",\"@id\":\"https:\/\/eljardinrestaurante.com\/#breadcrumb\",\"itemListElement\":[{\"@type\":\"ListItem\",\"position\":1,\"name\":\"Portada\",\"item\":\"https:\/\/eljardinrestaurante.com\/\"},{\"@type\":\"ListItem\",\"position\":2,\"name\":\"Accueil\"}]},{\"@type\":\"WebSite\",\"@id\":\"https:\/\/eljardinrestaurante.com\/#website\",\"url\":\"https:\/\/eljardinrestaurante.com\/\",\"name\":\"Restaurante el Jard\u00edn Alcocebre\",\"description\":\"\",\"publisher\":{\"@id\":\"https:\/\/eljardinrestaurante.com\/#organization\"},\"potentialAction\":[{\"@type\":\"SearchAction\",\"target\":{\"@type\":\"EntryPoint\",\"urlTemplate\":\"https:\/\/eljardinrestaurante.com\/?s={search_term_string}\"},\"query-input\":\"required name=search_term_string\"}],\"inLanguage\":\"fr-FR\"},{\"@type\":\"Organization\",\"@id\":\"https:\/\/eljardinrestaurante.com\/#organization\",\"name\":\"Restaurante el Jard\u00edn Alcocebre\",\"url\":\"https:\/\/eljardinrestaurante.com\/\",\"logo\":{\"@type\":\"ImageObject\",\"inLanguage\":\"fr-FR\",\"@id\":\"https:\/\/eljardinrestaurante.com\/#\/schema\/logo\/image\/\",\"url\":\"https:\/\/eljardinrestaurante.com\/wp-content\/uploads\/2024\/07\/Nuevo-logo.png\",\"contentUrl\":\"https:\/\/eljardinrestaurante.com\/wp-content\/uploads\/2024\/07\/Nuevo-logo.png\",\"width\":243,\"height\":79,\"caption\":\"Restaurante el Jard\u00edn Alcocebre\"},\"image\":{\"@id\":\"https:\/\/eljardinrestaurante.com\/#\/schema\/logo\/image\/\"}}]}<\/script>\n<!-- \/ Yoast SEO plugin. -->","yoast_head_json":{"title":"Accueil | Cuisine italienne authentique \u00e0 Alcocebre","description":"Votre pizzeria de cuisine m\u00e9diterran\u00e9enne \u00e0 Alcocebre, Castell\u00f3n. Savourez nos d\u00e9licieuses pizzas, p\u00e2tes et plats.","robots":{"index":"index","follow":"follow","max-snippet":"max-snippet:-1","max-image-preview":"max-image-preview:large","max-video-preview":"max-video-preview:-1"},"canonical":"https:\/\/eljardinrestaurante.com\/","og_locale":"fr_FR","og_type":"article","og_title":"Accueil | Cuisine italienne authentique \u00e0 Alcocebre","og_description":"Votre pizzeria de cuisine m\u00e9diterran\u00e9enne \u00e0 Alcocebre, Castell\u00f3n. Savourez nos d\u00e9licieuses pizzas, p\u00e2tes et plats.","og_url":"https:\/\/eljardinrestaurante.com\/","og_site_name":"Restaurante el Jard\u00edn Alcocebre","article_modified_time":"2026-04-08T11:25:11+00:00","twitter_card":"summary_large_image","twitter_misc":{"Dur\u00e9e de lecture estim\u00e9e":"1 minute"},"schema":{"@context":"https:\/\/schema.org","@graph":[{"@type":"WebPage","@id":"https:\/\/eljardinrestaurante.com\/","url":"https:\/\/eljardinrestaurante.com\/","name":"Accueil | Cuisine italienne authentique \u00e0 Alcocebre","isPartOf":{"@id":"https:\/\/eljardinrestaurante.com\/#website"},"datePublished":"2024-07-09T07:27:59+00:00","dateModified":"2026-04-08T11:25:11+00:00","description":"Votre pizzeria de cuisine m\u00e9diterran\u00e9enne \u00e0 Alcocebre, Castell\u00f3n. Savourez nos d\u00e9licieuses pizzas, p\u00e2tes et plats.","breadcrumb":{"@id":"https:\/\/eljardinrestaurante.com\/#breadcrumb"},"inLanguage":"fr-FR","potentialAction":[{"@type":"ReadAction","target":["https:\/\/eljardinrestaurante.com\/"]}]},{"@type":"BreadcrumbList","@id":"https:\/\/eljardinrestaurante.com\/#breadcrumb","itemListElement":[{"@type":"ListItem","position":1,"name":"Portada","item":"https:\/\/eljardinrestaurante.com\/"},{"@type":"ListItem","position":2,"name":"Accueil"}]},{"@type":"WebSite","@id":"https:\/\/eljardinrestaurante.com\/#website","url":"https:\/\/eljardinrestaurante.com\/","name":"Restaurante el Jard\u00edn Alcocebre","description":"","publisher":{"@id":"https:\/\/eljardinrestaurante.com\/#organization"},"potentialAction":[{"@type":"SearchAction","target":{"@type":"EntryPoint","urlTemplate":"https:\/\/eljardinrestaurante.com\/?s={search_term_string}"},"query-input":"required name=search_term_string"}],"inLanguage":"fr-FR"},{"@type":"Organization","@id":"https:\/\/eljardinrestaurante.com\/#organization","name":"Restaurante el Jard\u00edn Alcocebre","url":"https:\/\/eljardinrestaurante.com\/","logo":{"@type":"ImageObject","inLanguage":"fr-FR","@id":"https:\/\/eljardinrestaurante.com\/#\/schema\/logo\/image\/","url":"https:\/\/eljardinrestaurante.com\/wp-content\/uploads\/2024\/07\/Nuevo-logo.png","contentUrl":"https:\/\/eljardinrestaurante.com\/wp-content\/uploads\/2024\/07\/Nuevo-logo.png","width":243,"height":79,"caption":"Restaurante el Jard\u00edn Alcocebre"},"image":{"@id":"https:\/\/eljardinrestaurante.com\/#\/schema\/logo\/image\/"}}]}},"_links":{"self":[{"href":"https:\/\/eljardinrestaurante.com\/fr\/wp-json\/wp\/v2\/pages\/907"}],"collection":[{"href":"https:\/\/eljardinrestaurante.com\/fr\/wp-json\/wp\/v2\/pages"}],"about":[{"href":"https:\/\/eljardinrestaurante.com\/fr\/wp-json\/wp\/v2\/types\/page"}],"author":[{"embeddable":true,"href":"https:\/\/eljardinrestaurante.com\/fr\/wp-json\/wp\/v2\/users\/1"}],"replies":[{"embeddable":true,"href":"https:\/\/eljardinrestaurante.com\/fr\/wp-json\/wp\/v2\/comments?post=907"}],"version-history":[{"count":17,"href":"https:\/\/eljardinrestaurante.com\/fr\/wp-json\/wp\/v2\/pages\/907\/revisions"}],"predecessor-version":[{"id":1725,"href":"https:\/\/eljardinrestaurante.com\/fr\/wp-json\/wp\/v2\/pages\/907\/revisions\/1725"}],"wp:attachment":[{"href":"https:\/\/eljardinrestaurante.com\/fr\/wp-json\/wp\/v2\/media?parent=907"}],"curies":[{"name":"wp","href":"https:\/\/api.w.org\/{rel}","templated":true}]}}